{"id":5316,"date":"2022-01-23T13:43:19","date_gmt":"2022-01-23T11:43:19","guid":{"rendered":"https:\/\/parfumdeparadis.eu\/product\/carolina-herrera-good-girl-legere\/"},"modified":"2022-01-23T13:43:19","modified_gmt":"2022-01-23T11:43:19","slug":"carolina-herrera-good-girl-legere-2","status":"publish","type":"product","link":"https:\/\/parfumdeparadis.eu\/en\/product\/carolina-herrera-good-girl-legere-2\/","title":{"rendered":"CAROLINA HERRERA Good Girl L\u00e9g\u00e9re"},"content":{"rendered":"<p><strong>Good Girl L\u00e9g\u00e8re<\/strong> by <strong>Carolina Herrera<\/strong> is an Oriental Floral fragrance for women. <strong>Good Girl L\u00e9g\u00e8re<\/strong> released in the year 2018. The perfumer of this perfume is <strong>Louise Turner<\/strong>. Top notes are ylang ylang, mandarin orange, bergamot and lemon. Middle notes are jasmine, tuberose, Bulgarian rose and orange blossom. Base notes are tonka bean, sandalwood, praline, cinnamon, milk caramel, cedar, cashmere wood, patchouli, amber and musk.<\/p>\n","protected":false},"excerpt":{"rendered":"<p>CAROLINA HERRERA Good Girl L\u00e9g\u00e9re<\/p>\n","protected":false},"featured_media":4064,"template":"","meta":[],"product_brand":[],"product_cat":[90,97,95],"product_tag":[],"class_list":{"0":"post-5316","1":"product","2":"type-product","3":"status-publish","4":"has-post-thumbnail","6":"product_cat-all-products","7":"product_cat-female","8":"product_cat-parfume","10":"first","11":"instock","12":"shipping-taxable","13":"purchasable","14":"product-type-variable"},"_links":{"self":[{"href":"https:\/\/parfumdeparadis.eu\/en\/wp-json\/wp\/v2\/product\/5316","targetHints":{"allow":["GET"]}}],"collection":[{"href":"https:\/\/parfumdeparadis.eu\/en\/wp-json\/wp\/v2\/product"}],"about":[{"href":"https:\/\/parfumdeparadis.eu\/en\/wp-json\/wp\/v2\/types\/product"}],"wp:featuredmedia":[{"embeddable":true,"href":"https:\/\/parfumdeparadis.eu\/en\/wp-json\/wp\/v2\/media\/4064"}],"wp:attachment":[{"href":"https:\/\/parfumdeparadis.eu\/en\/wp-json\/wp\/v2\/media?parent=5316"}],"wp:term":[{"taxonomy":"product_brand","embeddable":true,"href":"https:\/\/parfumdeparadis.eu\/en\/wp-json\/wp\/v2\/product_brand?post=5316"},{"taxonomy":"product_cat","embeddable":true,"href":"https:\/\/parfumdeparadis.eu\/en\/wp-json\/wp\/v2\/product_cat?post=5316"},{"taxonomy":"product_tag","embeddable":true,"href":"https:\/\/parfumdeparadis.eu\/en\/wp-json\/wp\/v2\/product_tag?post=5316"}],"curies":[{"name":"wp","href":"https:\/\/api.w.org\/{rel}","templated":true}]}}